{"id":7,"date":"2023-12-19T11:47:49","date_gmt":"2023-12-19T10:47:49","guid":{"rendered":"http:\/\/buuld.fr\/?page_id=7"},"modified":"2023-12-20T13:27:13","modified_gmt":"2023-12-20T12:27:13","slug":"7-2","status":"publish","type":"page","link":"http:\/\/buuld.fr\/","title":{"rendered":"Accueil"},"content":{"rendered":"<div class=\"aligncenter wp-block-site-logo\"><a href=\"http:\/\/buuld.fr\/\" class=\"custom-logo-link\" rel=\"home\"><img loading=\"lazy\" decoding=\"async\" width=\"543\" height=\"231\" src=\"http:\/\/buuld.fr\/wp-content\/uploads\/2023\/12\/logo_buuld.png\" class=\"custom-logo\" alt=\"Bu\u00fcld &#8211; Catalyseur d&#039;immobilier #nextgen\" srcset=\"http:\/\/buuld.fr\/wp-content\/uploads\/2023\/12\/logo_buuld.png 2000w, http:\/\/buuld.fr\/wp-content\/uploads\/2023\/12\/logo_buuld-300x128.png 300w, http:\/\/buuld.fr\/wp-content\/uploads\/2023\/12\/logo_buuld-1024x437.png 1024w, http:\/\/buuld.fr\/wp-content\/uploads\/2023\/12\/logo_buuld-768x328.png 768w, http:\/\/buuld.fr\/wp-content\/uploads\/2023\/12\/logo_buuld-1536x655.png 1536w\" sizes=\"auto, (max-width: 543px) 100vw, 543px\" \/><\/a><\/div>\n\n\n<p class=\"has-text-align-center has-inter-font-family\" style=\"margin-top:var(--wp--preset--spacing--30);margin-right:0px;margin-bottom:var(--wp--preset--spacing--30);margin-left:0px;padding-top:0;padding-right:0;padding-bottom:0;padding-left:0;font-size:clamp(0.875rem, 0.875rem + ((1vw - 0.2rem) * 0.215), 1rem);\">Bu\u00fcld est une d\u00e9marche globale, un courant de pens\u00e9e visant \u00e0 accompagner, \u00e0 catalyser, la transformation des r\u00e9flexes en mati\u00e8re d&rsquo;immobilier, de cr\u00e9ation de logements, de modes constructifs. <br><br><strong>R\u00e9solument inscrit dans une alchimie innovante combinant \u00e9cologie, nouveaux modes de vie, architecture contemporaine et approche industrielle hors-site de la construction, bu\u00fcld est le reflet presque intimiste d&rsquo;une volont\u00e9 personnelle de faire bouger les lignes, de casser les codes. Intelligence collective, audace, agilit\u00e9 et disruptivit\u00e9 : voil\u00e0 quelques mots qui incarnent la d\u00e9marche Bu\u00fcld !<\/strong><\/p>\n\n\n\n<figure class=\"wp-block-gallery alignwide has-nested-images columns-default is-cropped wp-block-gallery-1 is-layout-flex wp-block-gallery-is-layout-flex\">\n<figure class=\"wp-block-image size-large\"><img loading=\"lazy\" decoding=\"async\" width=\"1024\" height=\"576\" data-id=\"47\" src=\"http:\/\/buuld.fr\/wp-content\/uploads\/2023\/12\/buuld_construction_bois-1-1024x576.jpeg\" alt=\"\" class=\"wp-image-47\" srcset=\"http:\/\/buuld.fr\/wp-content\/uploads\/2023\/12\/buuld_construction_bois-1-1024x576.jpeg 1024w, http:\/\/buuld.fr\/wp-content\/uploads\/2023\/12\/buuld_construction_bois-1-300x169.jpeg 300w, http:\/\/buuld.fr\/wp-content\/uploads\/2023\/12\/buuld_construction_bois-1-768x432.jpeg 768w, http:\/\/buuld.fr\/wp-content\/uploads\/2023\/12\/buuld_construction_bois-1-1536x864.jpeg 1536w, http:\/\/buuld.fr\/wp-content\/uploads\/2023\/12\/buuld_construction_bois-1.jpeg 1920w\" sizes=\"auto, (max-width: 1024px) 100vw, 1024px\" \/><\/figure>\n\n\n\n<figure class=\"wp-block-image size-large\"><img loading=\"lazy\" decoding=\"async\" width=\"1024\" height=\"575\" data-id=\"48\" src=\"http:\/\/buuld.fr\/wp-content\/uploads\/2023\/12\/buuld_bois_immobilier-1-1024x575.png\" alt=\"\" class=\"wp-image-48\" srcset=\"http:\/\/buuld.fr\/wp-content\/uploads\/2023\/12\/buuld_bois_immobilier-1-1024x575.png 1024w, http:\/\/buuld.fr\/wp-content\/uploads\/2023\/12\/buuld_bois_immobilier-1-300x168.png 300w, http:\/\/buuld.fr\/wp-content\/uploads\/2023\/12\/buuld_bois_immobilier-1-768x431.png 768w, http:\/\/buuld.fr\/wp-content\/uploads\/2023\/12\/buuld_bois_immobilier-1-1536x862.png 1536w, http:\/\/buuld.fr\/wp-content\/uploads\/2023\/12\/buuld_bois_immobilier-1.png 1920w\" sizes=\"auto, (max-width: 1024px) 100vw, 1024px\" \/><\/figure>\n<\/figure>\n\n\n\n<figure class=\"wp-block-gallery alignwide has-nested-images columns-default is-cropped wp-block-gallery-2 is-layout-flex wp-block-gallery-is-layout-flex\">\n<figure class=\"wp-block-image size-large\"><img loading=\"lazy\" decoding=\"async\" width=\"1024\" height=\"576\" data-id=\"40\" src=\"http:\/\/buuld.fr\/wp-content\/uploads\/2023\/12\/buuld_logo_bois-1024x576.jpg\" alt=\"\" class=\"wp-image-40\" srcset=\"http:\/\/buuld.fr\/wp-content\/uploads\/2023\/12\/buuld_logo_bois-1024x576.jpg 1024w, http:\/\/buuld.fr\/wp-content\/uploads\/2023\/12\/buuld_logo_bois-300x169.jpg 300w, http:\/\/buuld.fr\/wp-content\/uploads\/2023\/12\/buuld_logo_bois-768x432.jpg 768w, http:\/\/buuld.fr\/wp-content\/uploads\/2023\/12\/buuld_logo_bois.jpg 1200w\" sizes=\"auto, (max-width: 1024px) 100vw, 1024px\" \/><\/figure>\n\n\n\n<figure class=\"wp-block-image size-large\"><img loading=\"lazy\" decoding=\"async\" width=\"1024\" height=\"606\" data-id=\"41\" src=\"http:\/\/buuld.fr\/wp-content\/uploads\/2023\/12\/buuld_amenagement_bois-1024x606.jpg\" alt=\"\" class=\"wp-image-41\" srcset=\"http:\/\/buuld.fr\/wp-content\/uploads\/2023\/12\/buuld_amenagement_bois-1024x606.jpg 1024w, http:\/\/buuld.fr\/wp-content\/uploads\/2023\/12\/buuld_amenagement_bois-300x178.jpg 300w, http:\/\/buuld.fr\/wp-content\/uploads\/2023\/12\/buuld_amenagement_bois-768x455.jpg 768w, http:\/\/buuld.fr\/wp-content\/uploads\/2023\/12\/buuld_amenagement_bois-1536x910.jpg 1536w, http:\/\/buuld.fr\/wp-content\/uploads\/2023\/12\/buuld_amenagement_bois.jpg 1920w\" sizes=\"auto, (max-width: 1024px) 100vw, 1024px\" \/><\/figure>\n\n\n\n<figure class=\"wp-block-image size-large\"><img loading=\"lazy\" decoding=\"async\" width=\"1024\" height=\"683\" data-id=\"44\" src=\"http:\/\/buuld.fr\/wp-content\/uploads\/2023\/12\/buuld_amo-1024x683.jpg\" alt=\"\" class=\"wp-image-44\" srcset=\"http:\/\/buuld.fr\/wp-content\/uploads\/2023\/12\/buuld_amo-1024x683.jpg 1024w, http:\/\/buuld.fr\/wp-content\/uploads\/2023\/12\/buuld_amo-300x200.jpg 300w, http:\/\/buuld.fr\/wp-content\/uploads\/2023\/12\/buuld_amo-768x512.jpg 768w, http:\/\/buuld.fr\/wp-content\/uploads\/2023\/12\/buuld_amo-1536x1024.jpg 1536w, http:\/\/buuld.fr\/wp-content\/uploads\/2023\/12\/buuld_amo.jpg 1920w\" sizes=\"auto, (max-width: 1024px) 100vw, 1024px\" \/><\/figure>\n<\/figure>\n\n\n\n<p class=\"has-text-align-center has-text-color has-link-color has-inter-font-family has-medium-font-size wp-elements-3b17cca62f9255ae933c510b1e06f105\" style=\"color:#197ec2;margin-top:var(--wp--preset--spacing--30);margin-right:0;margin-bottom:var(--wp--preset--spacing--30);margin-left:0\"><strong>Bu\u00fcld, et son r\u00e9seau polymorphe de partenaires, c&rsquo;est de l&rsquo;AMO (Assistance \u00e0 Ma\u00eetrise d&rsquo;Ouvrage) sur des op\u00e9rations d&rsquo;\u00e9co-construction : Maison individuelle, Eco-Lodge de loisirs, collectifs \u00e0 taille humaine, \u2026 ; de la promotion immobili\u00e8re bas carbone sur des op\u00e9rations innovantes, adressant l&rsquo;\u00e9volution des besoins d&rsquo;habitat par de nouvelles formes de logements ; du conseil et de la cr\u00e9ation de synergies avec les acteurs du Hors Site (construction bois et modulaire 3D).<\/strong><\/p>\n\n\n\n<div class=\"wp-block-buttons has-custom-font-size is-horizontal is-content-justification-center is-layout-flex wp-container-core-buttons-is-layout-f5451300 wp-block-buttons-is-layout-flex\" style=\"margin-top:var(--wp--preset--spacing--30);margin-bottom:var(--wp--preset--spacing--30);font-size:clamp(0.929rem, 0.929rem + ((1vw - 0.2rem) * 0.81), 1.4rem);\">\n<div class=\"wp-block-button\"><a class=\"wp-block-button__link wp-element-button\" href=\"mailto:callme@buuld.fr\"><strong>Contactez-nous<\/strong><\/a><\/div>\n<\/div>\n\n\n\n<ul class=\"wp-block-social-links aligncenter is-style-default is-content-justification-center is-layout-flex wp-container-core-social-links-is-layout-0c86fa30 wp-block-social-links-is-layout-flex\" style=\"margin-top:var(--wp--preset--spacing--30);margin-right:0;margin-bottom:var(--wp--preset--spacing--30);margin-left:0\"><li class=\"wp-social-link wp-social-link-linkedin  wp-block-social-link\"><a rel=\"noopener nofollow\" target=\"_blank\" href=\"https:\/\/www.linkedin.com\/company\/bu%C3%BCld\/\" class=\"wp-block-social-link-anchor\"><svg width=\"24\" height=\"24\" viewBox=\"0 0 24 24\" version=\"1.1\" xmlns=\"http:\/\/www.w3.org\/2000\/svg\" aria-hidden=\"true\" focusable=\"false\"><path d=\"M19.7,3H4.3C3.582,3,3,3.582,3,4.3v15.4C3,20.418,3.582,21,4.3,21h15.4c0.718,0,1.3-0.582,1.3-1.3V4.3 C21,3.582,20.418,3,19.7,3z M8.339,18.338H5.667v-8.59h2.672V18.338z M7.004,8.574c-0.857,0-1.549-0.694-1.549-1.548 c0-0.855,0.691-1.548,1.549-1.548c0.854,0,1.547,0.694,1.547,1.548C8.551,7.881,7.858,8.574,7.004,8.574z M18.339,18.338h-2.669 v-4.177c0-0.996-0.017-2.278-1.387-2.278c-1.389,0-1.601,1.086-1.601,2.206v4.249h-2.667v-8.59h2.559v1.174h0.037 c0.356-0.675,1.227-1.387,2.526-1.387c2.703,0,3.203,1.779,3.203,4.092V18.338z\"><\/path><\/svg><span class=\"wp-block-social-link-label screen-reader-text\">https:\/\/www.linkedin.com\/company\/bu%C3%BCld\/<\/span><\/a><\/li>\n\n<li class=\"wp-social-link wp-social-link-mail  wp-block-social-link\"><a rel=\"noopener nofollow\" target=\"_blank\" href=\"mailto:&#106;fdes&#112;&#105;n&#111;&#121;&#064;&#098;uu&#108;d.&#102;&#114;\" class=\"wp-block-social-link-anchor\"><svg width=\"24\" height=\"24\" viewBox=\"0 0 24 24\" version=\"1.1\" xmlns=\"http:\/\/www.w3.org\/2000\/svg\" aria-hidden=\"true\" focusable=\"false\"><path d=\"M19,5H5c-1.1,0-2,.9-2,2v10c0,1.1.9,2,2,2h14c1.1,0,2-.9,2-2V7c0-1.1-.9-2-2-2zm.5,12c0,.3-.2.5-.5.5H5c-.3,0-.5-.2-.5-.5V9.8l7.5,5.6,7.5-5.6V17zm0-9.1L12,13.6,4.5,7.9V7c0-.3.2-.5.5-.5h14c.3,0,.5.2.5.5v.9z\"><\/path><\/svg><span class=\"wp-block-social-link-label screen-reader-text\">E-mail<\/span><\/a><\/li><\/ul>\n","protected":false},"excerpt":{"rendered":"<p>Bu\u00fcld est une d\u00e9marche globale, un courant de pens\u00e9e visant \u00e0 accompagner, \u00e0 catalyser, la transformation des r\u00e9flexes en mati\u00e8re d&rsquo;immobilier, de cr\u00e9ation de logements, de modes constructifs. R\u00e9solument inscrit dans une alchimie innovante combinant \u00e9cologie, nouveaux modes de vie, architecture contemporaine et approche industrielle hors-site de la construction, bu\u00fcld est le reflet presque intimiste [&hellip;]<\/p>\n","protected":false},"author":1,"featured_media":0,"parent":0,"menu_order":0,"comment_status":"closed","ping_status":"closed","template":"","meta":{"footnotes":""},"class_list":["post-7","page","type-page","status-publish","hentry"],"yoast_head":"<!-- This site is optimized with the Yoast SEO plugin v21.7 - https:\/\/yoast.com\/wordpress\/plugins\/seo\/ -->\n<title>Bu\u00fcld - Catalyseur d&#039;immobilier #nextgen<\/title>\n<meta name=\"description\" content=\"Bu\u00fcld c\u2019est de l\u2019Assistance \u00e0 Ma\u00eetrise d\u2019Ouvrage sur des op\u00e9rations d\u2019\u00e9co-construction bas carbone : maison individuelle, \u00e9co-lodge, etc...\" \/>\n<meta name=\"robots\" content=\"index, follow, max-snippet:-1, max-image-preview:large, max-video-preview:-1\" \/>\n<link rel=\"canonical\" href=\"https:\/\/buuld.fr\/\" \/>\n<meta property=\"og:locale\" content=\"fr_FR\" \/>\n<meta property=\"og:type\" content=\"article\" \/>\n<meta property=\"og:title\" content=\"Bu\u00fcld - Catalyseur d&#039;immobilier #nextgen\" \/>\n<meta property=\"og:description\" content=\"Bu\u00fcld c\u2019est de l\u2019Assistance \u00e0 Ma\u00eetrise d\u2019Ouvrage sur des op\u00e9rations d\u2019\u00e9co-construction bas carbone : maison individuelle, \u00e9co-lodge, etc...\" \/>\n<meta property=\"og:url\" content=\"https:\/\/buuld.fr\/\" \/>\n<meta property=\"og:site_name\" content=\"Bu\u00fcld - Catalyseur d&#039;immobilier #nextgen\" \/>\n<meta property=\"article:modified_time\" content=\"2023-12-20T12:27:13+00:00\" \/>\n<meta property=\"og:image\" content=\"http:\/\/buuld.fr\/wp-content\/uploads\/2023\/12\/buuld_construction_bois-1-1024x576.jpeg\" \/>\n<meta name=\"twitter:card\" content=\"summary_large_image\" \/>\n<meta name=\"twitter:label1\" content=\"Dur\u00e9e de lecture estim\u00e9e\" \/>\n\t<meta name=\"twitter:data1\" content=\"2 minutes\" \/>\n<script type=\"application\/ld+json\" class=\"yoast-schema-graph\">{\"@context\":\"https:\/\/schema.org\",\"@graph\":[{\"@type\":\"WebPage\",\"@id\":\"https:\/\/buuld.fr\/\",\"url\":\"https:\/\/buuld.fr\/\",\"name\":\"Bu\u00fcld - Catalyseur d&#039;immobilier #nextgen\",\"isPartOf\":{\"@id\":\"https:\/\/buuld.fr\/#website\"},\"datePublished\":\"2023-12-19T10:47:49+00:00\",\"dateModified\":\"2023-12-20T12:27:13+00:00\",\"description\":\"Bu\u00fcld c\u2019est de l\u2019Assistance \u00e0 Ma\u00eetrise d\u2019Ouvrage sur des op\u00e9rations d\u2019\u00e9co-construction bas carbone : maison individuelle, \u00e9co-lodge, etc...\",\"breadcrumb\":{\"@id\":\"https:\/\/buuld.fr\/#breadcrumb\"},\"inLanguage\":\"fr-FR\",\"potentialAction\":[{\"@type\":\"ReadAction\",\"target\":[\"https:\/\/buuld.fr\/\"]}]},{\"@type\":\"BreadcrumbList\",\"@id\":\"https:\/\/buuld.fr\/#breadcrumb\",\"itemListElement\":[{\"@type\":\"ListItem\",\"position\":1,\"name\":\"Accueil\",\"item\":\"https:\/\/buuld.fr\/\"},{\"@type\":\"ListItem\",\"position\":2,\"name\":\"Accueil\"}]},{\"@type\":\"WebSite\",\"@id\":\"https:\/\/buuld.fr\/#website\",\"url\":\"https:\/\/buuld.fr\/\",\"name\":\"Bu\u00fcld - Catalyseur d'immobilier #nextgen\",\"description\":\"\",\"publisher\":{\"@id\":\"https:\/\/buuld.fr\/#organization\"},\"potentialAction\":[{\"@type\":\"SearchAction\",\"target\":{\"@type\":\"EntryPoint\",\"urlTemplate\":\"https:\/\/buuld.fr\/?s={search_term_string}\"},\"query-input\":\"required name=search_term_string\"}],\"inLanguage\":\"fr-FR\"},{\"@type\":\"Organization\",\"@id\":\"https:\/\/buuld.fr\/#organization\",\"name\":\"Bu\u00fcld\",\"url\":\"https:\/\/buuld.fr\/\",\"logo\":{\"@type\":\"ImageObject\",\"inLanguage\":\"fr-FR\",\"@id\":\"https:\/\/buuld.fr\/#\/schema\/logo\/image\/\",\"url\":\"http:\/\/buuld.fr\/wp-content\/uploads\/2023\/12\/logo_buuld.png\",\"contentUrl\":\"http:\/\/buuld.fr\/wp-content\/uploads\/2023\/12\/logo_buuld.png\",\"width\":2000,\"height\":853,\"caption\":\"Bu\u00fcld\"},\"image\":{\"@id\":\"https:\/\/buuld.fr\/#\/schema\/logo\/image\/\"},\"sameAs\":[\"https:\/\/www.linkedin.com\/company\/buld\/\"]}]}<\/script>\n<!-- \/ Yoast SEO plugin. -->","yoast_head_json":{"title":"Bu\u00fcld - Catalyseur d&#039;immobilier #nextgen","description":"Bu\u00fcld c\u2019est de l\u2019Assistance \u00e0 Ma\u00eetrise d\u2019Ouvrage sur des op\u00e9rations d\u2019\u00e9co-construction bas carbone : maison individuelle, \u00e9co-lodge, etc...","robots":{"index":"index","follow":"follow","max-snippet":"max-snippet:-1","max-image-preview":"max-image-preview:large","max-video-preview":"max-video-preview:-1"},"canonical":"https:\/\/buuld.fr\/","og_locale":"fr_FR","og_type":"article","og_title":"Bu\u00fcld - Catalyseur d&#039;immobilier #nextgen","og_description":"Bu\u00fcld c\u2019est de l\u2019Assistance \u00e0 Ma\u00eetrise d\u2019Ouvrage sur des op\u00e9rations d\u2019\u00e9co-construction bas carbone : maison individuelle, \u00e9co-lodge, etc...","og_url":"https:\/\/buuld.fr\/","og_site_name":"Bu\u00fcld - Catalyseur d&#039;immobilier #nextgen","article_modified_time":"2023-12-20T12:27:13+00:00","og_image":[{"url":"http:\/\/buuld.fr\/wp-content\/uploads\/2023\/12\/buuld_construction_bois-1-1024x576.jpeg"}],"twitter_card":"summary_large_image","twitter_misc":{"Dur\u00e9e de lecture estim\u00e9e":"2 minutes"},"schema":{"@context":"https:\/\/schema.org","@graph":[{"@type":"WebPage","@id":"https:\/\/buuld.fr\/","url":"https:\/\/buuld.fr\/","name":"Bu\u00fcld - Catalyseur d&#039;immobilier #nextgen","isPartOf":{"@id":"https:\/\/buuld.fr\/#website"},"datePublished":"2023-12-19T10:47:49+00:00","dateModified":"2023-12-20T12:27:13+00:00","description":"Bu\u00fcld c\u2019est de l\u2019Assistance \u00e0 Ma\u00eetrise d\u2019Ouvrage sur des op\u00e9rations d\u2019\u00e9co-construction bas carbone : maison individuelle, \u00e9co-lodge, etc...","breadcrumb":{"@id":"https:\/\/buuld.fr\/#breadcrumb"},"inLanguage":"fr-FR","potentialAction":[{"@type":"ReadAction","target":["https:\/\/buuld.fr\/"]}]},{"@type":"BreadcrumbList","@id":"https:\/\/buuld.fr\/#breadcrumb","itemListElement":[{"@type":"ListItem","position":1,"name":"Accueil","item":"https:\/\/buuld.fr\/"},{"@type":"ListItem","position":2,"name":"Accueil"}]},{"@type":"WebSite","@id":"https:\/\/buuld.fr\/#website","url":"https:\/\/buuld.fr\/","name":"Bu\u00fcld - Catalyseur d'immobilier #nextgen","description":"","publisher":{"@id":"https:\/\/buuld.fr\/#organization"},"potentialAction":[{"@type":"SearchAction","target":{"@type":"EntryPoint","urlTemplate":"https:\/\/buuld.fr\/?s={search_term_string}"},"query-input":"required name=search_term_string"}],"inLanguage":"fr-FR"},{"@type":"Organization","@id":"https:\/\/buuld.fr\/#organization","name":"Bu\u00fcld","url":"https:\/\/buuld.fr\/","logo":{"@type":"ImageObject","inLanguage":"fr-FR","@id":"https:\/\/buuld.fr\/#\/schema\/logo\/image\/","url":"http:\/\/buuld.fr\/wp-content\/uploads\/2023\/12\/logo_buuld.png","contentUrl":"http:\/\/buuld.fr\/wp-content\/uploads\/2023\/12\/logo_buuld.png","width":2000,"height":853,"caption":"Bu\u00fcld"},"image":{"@id":"https:\/\/buuld.fr\/#\/schema\/logo\/image\/"},"sameAs":["https:\/\/www.linkedin.com\/company\/buld\/"]}]}},"_links":{"self":[{"href":"http:\/\/buuld.fr\/index.php?rest_route=\/wp\/v2\/pages\/7","targetHints":{"allow":["GET"]}}],"collection":[{"href":"http:\/\/buuld.fr\/index.php?rest_route=\/wp\/v2\/pages"}],"about":[{"href":"http:\/\/buuld.fr\/index.php?rest_route=\/wp\/v2\/types\/page"}],"author":[{"embeddable":true,"href":"http:\/\/buuld.fr\/index.php?rest_route=\/wp\/v2\/users\/1"}],"replies":[{"embeddable":true,"href":"http:\/\/buuld.fr\/index.php?rest_route=%2Fwp%2Fv2%2Fcomments&post=7"}],"version-history":[{"count":27,"href":"http:\/\/buuld.fr\/index.php?rest_route=\/wp\/v2\/pages\/7\/revisions"}],"predecessor-version":[{"id":71,"href":"http:\/\/buuld.fr\/index.php?rest_route=\/wp\/v2\/pages\/7\/revisions\/71"}],"wp:attachment":[{"href":"http:\/\/buuld.fr\/index.php?rest_route=%2Fwp%2Fv2%2Fmedia&parent=7"}],"curies":[{"name":"wp","href":"https:\/\/api.w.org\/{rel}","templated":true}]}}